{"id":359,"date":"2022-12-15T15:50:38","date_gmt":"2022-12-15T14:50:38","guid":{"rendered":"http:\/\/agnesolmerzlatine.com\/?page_id=359"},"modified":"2022-12-15T16:08:06","modified_gmt":"2022-12-15T15:08:06","slug":"a-propos","status":"publish","type":"page","link":"https:\/\/agnesolmerzlatine.com\/index.php\/a-propos\/","title":{"rendered":"\u00c0 propos"},"content":{"rendered":"\n<p>Dans \u00ab AUTRES MERS&nbsp;\u00bb, hommage au Bleu, \u00e0 la Mer, \u00ab&nbsp;LA CONFUSION DES ELEMENTS&nbsp;\u00bb, ode \u00e0 l\u2019EAU, la TERRE, le FEU et l\u2019AIR, et \u00ab&nbsp;R.O.C<strong>&nbsp;\u00bb<\/strong> variation sur le th\u00e8me du Rocher.<br><br>C\u2019est la nature qui inspire sa peinture, non dans sa repr\u00e9sentation pure mais dans la symbolisation de ses \u00e9l\u00e9ments par analogie \u00e0 la nature humaine, \u00e0 l\u2019instar de la peinture chinoise. Tout son travail de peintre consiste \u00e0 sonder ses \u00e9tats d\u2019\u00e2me, \u00e0 trouver le souffle et lib\u00e9rer le sentiment profond.<\/p>\n\n\n\n<p>Chaque toile est diff\u00e9rente et poss\u00e8de son \u00e2me propre, \u00e0 la confluence de l\u2019abstraction et de la figuration.<br>Au del\u00e0 de ces \u00e9vocations, le propos reste avant tout LA PEINTURE dont elle exp\u00e9rimente les effets de mati\u00e8res, des emp\u00e2tements jusqu\u2019aux transparences liquides.<br>Car <strong>&nbsp;\u00bb La peinture est avant tout sensuelle, le tableau est une rencontre comme on tombe amoureux d\u2019un visage \u00ab&nbsp;<\/strong> dit-elle.<\/p>\n\n\n\n<p>Et <strong>\u00ab Plus qu\u2019un objet \u00e0 regarder, un tableau est \u00e0 vivre.&nbsp;\u00bb<\/strong> Fran\u00e7ois Cheng.<\/p>\n\n\n\n<p>AGNES OLMER ZLATINE vit et travaille \u00e0 Marseille. Elle peint depuis un peu plus de 20 ans apr\u00e8s une licence d\u2019Arts Plastiques \u00e0 Aix en Provence et l\u2019Ecole VAN DER KELEN \u00e0 Bruxelles.<br>Elle expose r\u00e9guli\u00e8rement \u00e0 Marseille, a expos\u00e9 \u00e0 Essaouira, Aix en Provence, Juan les Pins.<\/p>\n\n\n\n<figure class=\"wp-block-image size-large\"><img loading=\"lazy\" decoding=\"async\" width=\"679\" height=\"1024\" src=\"http:\/\/agnesolmerzlatine.com\/wp-content\/uploads\/2022\/12\/IGP5644_NB-1-679x1024.jpg\" alt=\"\" class=\"wp-image-364\" srcset=\"https:\/\/agnesolmerzlatine.com\/wp-content\/uploads\/2022\/12\/IGP5644_NB-1-679x1024.jpg 679w, https:\/\/agnesolmerzlatine.com\/wp-content\/uploads\/2022\/12\/IGP5644_NB-1-199x300.jpg 199w, https:\/\/agnesolmerzlatine.com\/wp-content\/uploads\/2022\/12\/IGP5644_NB-1-768x1159.jpg 768w, https:\/\/agnesolmerzlatine.com\/wp-content\/uploads\/2022\/12\/IGP5644_NB-1-1018x1536.jpg 1018w, https:\/\/agnesolmerzlatine.com\/wp-content\/uploads\/2022\/12\/IGP5644_NB-1.jpg 1306w\" sizes=\"auto, (max-width: 679px) 100vw, 679px\" \/><\/figure>\n","protected":false},"excerpt":{"rendered":"<p>Dans \u00ab AUTRES MERS&nbsp;\u00bb, hommage au Bleu, \u00e0 la Mer, \u00ab&nbsp;LA CONFUSION DES ELEMENTS&nbsp;\u00bb, ode \u00e0 l\u2019EAU, la TERRE, le FEU et l\u2019AIR, et \u00ab&nbsp;R.O.C&nbsp;\u00bb variation sur le th\u00e8me du Rocher. C\u2019est la nature qui inspire sa peinture, non dans sa repr\u00e9sentation pure mais dans la symbolisation de ses \u00e9l\u00e9ments par analogie \u00e0 la nature &hellip; <\/p>\n<p class=\"link-more\"><a href=\"https:\/\/agnesolmerzlatine.com\/index.php\/a-propos\/\" class=\"more-link\">Continuer la lecture<span class=\"screen-reader-text\"> de &laquo;&nbsp;\u00c0 propos&nbsp;&raquo;<\/span><\/a><\/p>\n","protected":false},"author":1,"featured_media":0,"parent":0,"menu_order":0,"comment_status":"closed","ping_status":"closed","template":"","meta":{"footnotes":""},"class_list":["post-359","page","type-page","status-publish","hentry"],"_links":{"self":[{"href":"https:\/\/agnesolmerzlatine.com\/index.php\/wp-json\/wp\/v2\/pages\/359","targetHints":{"allow":["GET"]}}],"collection":[{"href":"https:\/\/agnesolmerzlatine.com\/index.php\/wp-json\/wp\/v2\/pages"}],"about":[{"href":"https:\/\/agnesolmerzlatine.com\/index.php\/wp-json\/wp\/v2\/types\/page"}],"author":[{"embeddable":true,"href":"https:\/\/agnesolmerzlatine.com\/index.php\/wp-json\/wp\/v2\/users\/1"}],"replies":[{"embeddable":true,"href":"https:\/\/agnesolmerzlatine.com\/index.php\/wp-json\/wp\/v2\/comments?post=359"}],"version-history":[{"count":3,"href":"https:\/\/agnesolmerzlatine.com\/index.php\/wp-json\/wp\/v2\/pages\/359\/revisions"}],"predecessor-version":[{"id":366,"href":"https:\/\/agnesolmerzlatine.com\/index.php\/wp-json\/wp\/v2\/pages\/359\/revisions\/366"}],"wp:attachment":[{"href":"https:\/\/agnesolmerzlatine.com\/index.php\/wp-json\/wp\/v2\/media?parent=359"}],"curies":[{"name":"wp","href":"https:\/\/api.w.org\/{rel}","templated":true}]}}